{"id":2174,"date":"2020-11-10T20:20:01","date_gmt":"2020-11-10T20:20:01","guid":{"rendered":"https:\/\/ismod.me\/?page_id=2174"},"modified":"2020-11-27T23:20:49","modified_gmt":"2020-11-27T23:20:49","slug":"informacionet-mbi-kompanine","status":"publish","type":"page","link":"https:\/\/ismod.me\/sq\/informacionet-mbi-kompanine\/","title":{"rendered":"Informacionet mbi kompanin\u00eb"},"content":{"rendered":"\t\t<div data-elementor-type=\"wp-page\" data-elementor-id=\"2174\" class=\"elementor elementor-2174\">\n\t\t\t\t\t\t<div class=\"elementor-inner\">\n\t\t\t\t<div class=\"elementor-section-wrap\">\n\t\t\t\t\t\t\t\t\t<section class=\"elementor-section elementor-top-section elementor-element elementor-element-2488bf83 elementor-section-boxed elementor-section-height-default elementor-section-height-default\" data-id=\"2488bf83\" data-element_type=\"section\">\n\t\t\t\t\t\t<div class=\"elementor-container elementor-column-gap-default\">\n\t\t\t\t\t\t\t<div class=\"elementor-row\">\n\t\t\t\t\t<div class=\"elementor-column elementor-col-100 elementor-top-column elementor-element elementor-element-5ead7236 elementor-invisible\" data-id=\"5ead7236\" data-element_type=\"column\" data-settings=\"{&quot;animation&quot;:&quot;fadeInUp&quot;,&quot;animation_delay&quot;:350}\">\n\t\t\t<div class=\"elementor-column-wrap elementor-element-populated\">\n\t\t\t\t\t\t\t<div class=\"elementor-widget-wrap\">\n\t\t\t\t\t\t<div class=\"elementor-element elementor-element-34d86534 elementor-widget elementor-widget-heading\" data-id=\"34d86534\" data-element_type=\"widget\" data-widget_type=\"heading.default\">\n\t\t\t\t<div class=\"elementor-widget-container\">\n\t\t\t<h1 class=\"elementor-heading-title elementor-size-default\">Informacionet mbi kompanin\u00eb<\/h1>\t\t<\/div>\n\t\t\t\t<\/div>\n\t\t\t\t\t\t<\/div>\n\t\t\t\t\t<\/div>\n\t\t<\/div>\n\t\t\t\t\t\t\t\t<\/div>\n\t\t\t\t\t<\/div>\n\t\t<\/section>\n\t\t\t\t<section class=\"elementor-section elementor-top-section elementor-element elementor-element-4bf96f27 elementor-section-boxed elementor-section-height-default elementor-section-height-default elementor-invisible\" data-id=\"4bf96f27\" data-element_type=\"section\" data-settings=\"{&quot;animation&quot;:&quot;fadeInUp&quot;,&quot;animation_delay&quot;:350}\">\n\t\t\t\t\t\t<div class=\"elementor-container elementor-column-gap-default\">\n\t\t\t\t\t\t\t<div class=\"elementor-row\">\n\t\t\t\t\t<div class=\"elementor-column elementor-col-100 elementor-top-column elementor-element elementor-element-4c30c4f1\" data-id=\"4c30c4f1\" data-element_type=\"column\">\n\t\t\t<div class=\"elementor-column-wrap elementor-element-populated\">\n\t\t\t\t\t\t\t<div class=\"elementor-widget-wrap\">\n\t\t\t\t\t\t<div class=\"elementor-element elementor-element-cad3141 elementor-widget elementor-widget-text-editor\" data-id=\"cad3141\" data-element_type=\"widget\" data-widget_type=\"text-editor.default\">\n\t\t\t\t<div class=\"elementor-widget-container\">\n\t\t\t\t\t\t\t\t<div class=\"elementor-text-editor elementor-clearfix\">\n\t\t\t\t<p><strong>Kush jemi ne?<\/strong><\/p><p>Plus d.o.o. Podgorica \u00ebsht\u00eb nj\u00eb nga kompanit\u00eb lider n\u00eb Mal t\u00eb Zi q\u00eb merret me importin, shp\u00ebrndarjen dhe shitjen e produkteve t\u00eb duhanit, duhanit q\u00eb nuk digjet (produkte duhani pa tym) dhe mallrave t\u00eb tjera t\u00eb konsumit.<\/p><p>Egzistojm\u00eb q\u00eb nga janari i vitit 2015 dhe jemi lider n\u00eb importin e produkteve t\u00eb duhanit. Kompania Plus d.o.o. Podgorica \u00ebsht\u00eb e para n\u00eb tregun e Malit t\u00eb Zi q\u00eb solli kategorin\u00eb e duhanit q\u00eb nuk digjet (produkte duhani pa tym) dhe k\u00ebshtu b\u00ebri nj\u00eb hap p\u00ebrpara n\u00eb lidhje me konkurrenc\u00ebn.<\/p><p><strong>Mb\u00ebshtetja dhe reklamacionet:<\/strong><\/p><p style=\"text-align: left;\">\u00c7do problem n\u00eb lidhje me produktin e bler\u00eb n\u00eb objektet e autorizuara nga PLUS p\u00ebr shitjen e produkteve t\u00eb saj, mund ta zgjidhni duke kontaktuar ndonj\u00eb nga t\u00eb dh\u00ebnat si m\u00eb posht\u00eb:<\/p><ul><li style=\"text-align: left;\">Me an\u00eb t\u00eb e-mailit n\u00eb <a href=\"mailto:support@plusmne.com\" target=\"_blank\" rel=\"noopener\">support@plusmne.com<\/a><\/li><li style=\"text-align: left;\">Me post\u00eb n\u00eb: PLUS d.o.o Podgorica, Ulica Josipa Broza Tita 29, 81000 Podgorica, Crna Gora<\/li><li style=\"text-align: left;\">Me telefon n\u00eb <a href=\"tel:+382 69 308 846\" target=\"_blank\" rel=\"noopener\">+382 69 308 846<\/a><\/li><\/ul>\t\t\t\t\t<\/div>\n\t\t\t\t\t\t<\/div>\n\t\t\t\t<\/div>\n\t\t\t\t\t\t<\/div>\n\t\t\t\t\t<\/div>\n\t\t<\/div>\n\t\t\t\t\t\t\t\t<\/div>\n\t\t\t\t\t<\/div>\n\t\t<\/section>\n\t\t\t\t\t\t\t\t\t<\/div>\n\t\t\t<\/div>\n\t\t\t\t\t<\/div>\n\t\t","protected":false},"excerpt":{"rendered":"<p>Informacionet mbi kompanin\u00eb Kush jemi ne? Plus d.o.o. Podgorica \u00ebsht\u00eb nj\u00eb nga kompanit\u00eb lider n\u00eb Mal t\u00eb Zi q\u00eb merret me importin, shp\u00ebrndarjen dhe shitjen e produkteve t\u00eb duhanit, duhanit q\u00eb nuk digjet (produkte duhani pa tym) dhe mallrave t\u00eb tjera t\u00eb konsumit. Egzistojm\u00eb q\u00eb nga janari i vitit 2015 dhe jemi lider n\u00eb importin [&hellip;]<\/p>\n","protected":false},"author":2,"featured_media":0,"parent":0,"menu_order":0,"comment_status":"closed","ping_status":"closed","template":"","meta":{"footnotes":""},"class_list":["post-2174","page","type-page","status-publish","hentry"],"_links":{"self":[{"href":"https:\/\/ismod.me\/sq\/wp-json\/wp\/v2\/pages\/2174","targetHints":{"allow":["GET"]}}],"collection":[{"href":"https:\/\/ismod.me\/sq\/wp-json\/wp\/v2\/pages"}],"about":[{"href":"https:\/\/ismod.me\/sq\/wp-json\/wp\/v2\/types\/page"}],"author":[{"embeddable":true,"href":"https:\/\/ismod.me\/sq\/wp-json\/wp\/v2\/users\/2"}],"replies":[{"embeddable":true,"href":"https:\/\/ismod.me\/sq\/wp-json\/wp\/v2\/comments?post=2174"}],"version-history":[{"count":10,"href":"https:\/\/ismod.me\/sq\/wp-json\/wp\/v2\/pages\/2174\/revisions"}],"predecessor-version":[{"id":3749,"href":"https:\/\/ismod.me\/sq\/wp-json\/wp\/v2\/pages\/2174\/revisions\/3749"}],"wp:attachment":[{"href":"https:\/\/ismod.me\/sq\/wp-json\/wp\/v2\/media?parent=2174"}],"curies":[{"name":"wp","href":"https:\/\/api.w.org\/{rel}","templated":true}]}}